{"id":517,"date":"2016-10-06T03:37:14","date_gmt":"2016-10-06T03:37:14","guid":{"rendered":"http:\/\/themes.quitenicestuff2.com\/yachtcharterwp\/?page_id=11"},"modified":"2024-03-01T17:59:04","modified_gmt":"2024-03-01T17:59:04","slug":"home-i","status":"publish","type":"page","link":"https:\/\/comportapier.com\/en\/","title":{"rendered":"Home I"},"content":{"rendered":"<div  class=\"wpb_row vc_row-fluid content-wrapper content-wrapper-standard clearfix\" style=\"padding-left: 0px; padding-right: 0px; \"><div class=\"col span_12\"><div class=\"wpb_column vc_column_container vc_col-sm-12\"><div class=\"vc_column-inner\"><div class=\"wpb_wrapper\"><div class=\"vc_row wpb_row vc_inner vc_row-fluid\"><div class=\"wpb_column vc_column_container vc_col-sm-12\" id=\"COMPORTA PIER\"><div class=\"vc_column-inner\"><div class=\"wpb_wrapper\"><\/div><\/div><\/div><\/div><\/div><\/div><\/div><div class=\"wpb_column vc_column_container vc_col-sm-12\"><div class=\"vc_column-inner\"><div class=\"wpb_wrapper\"><h3 class=\"center-title\"><\/p>\n<p>Our Services<\/h3><div class=\"title-block2\"><\/div>\n\t<div class=\"wpb_text_column wpb_content_element\" >\n\t\t<div class=\"wpb_wrapper\">\n\t\t\t<p class=\"home-intro-text\">We offer several exclusive services for those who want to enjoy the S\u00f3ltroia Anchorage<\/p>\n\n\t\t<\/div>\n\t<\/div>\n<div class=\"clearfix\"><div class=\"yachtcharter-one-third home-icon-wrapper\">\n\t\t\t\t\t<div class=\"yachtcharter-home-icon\"><i class=\"fa fa-anchor\"><\/i><\/div>\n\t\t\t\t\t<h4>Moorings Rental<\/h4>\n\t\t\t\t\t<div class=\"title-block3\"><\/div>\n\t\t\t\t\t<p>Comporta Pier offers a rental service of moorings in various modalities, from short-term stays to seasonal stays.<\/p>\n\t\t\t\t<\/div><div class=\"yachtcharter-one-third home-icon-wrapper\">\n\t\t\t\t\t<div class=\"yachtcharter-home-icon\"><i class=\"fa fa-ship\"><\/i><\/div>\n\t\t\t\t\t<h4>Transport<\/h4>\n\t\t\t\t\t<div class=\"title-block3\"><\/div>\n\t\t\t\t\t<p>Included in the mooring service is the transport service from land to boats and vice versa. This service will be available from 9:00h to 20:00h every day from June to September.<\/p>\n\t\t\t\t<\/div><div class=\"yachtcharter-one-third home-icon-wrapper yachtcharter-last\">\n\t\t\t\t\t<div class=\"yachtcharter-home-icon\"><i class=\"fa fa-shield\"><\/i><\/div>\n\t\t\t\t\t<h4>Safety<\/h4>\n\t\t\t\t\t<div class=\"title-block3\"><\/div>\n\t\t\t\t\t<p>Comporta Pier guarantees the safety of your boat and the anchorage through an exhaustive surveillance service<\/p>\n\t\t\t\t<\/div><\/div><\/div><\/div><\/div><\/div><\/div><div  class=\"wpb_row vc_row-fluid content-wrapper content-wrapper-full clearfix\" style=\"padding-left: 0px; padding-right: 0px; \"><div class=\"col span_12\"><div class=\"wpb_column vc_column_container vc_col-sm-12 vc_col-has-fill\"><div class=\"vc_column-inner vc_custom_1475110437137\"><div class=\"wpb_wrapper\"><!-- BEGIN .clearfix -->\n\t\t\t<div class=\"clearfix\">\n\n\t\t\t\t<!-- BEGIN .about-us-block -->\n\t\t\t\t<div class=\"about-us-block about-us-block-1\">\n\n\t\t\t\t\t<h3>About Us<\/h3>\n\t\t\t\t\t<div class=\"title-block4\"><\/div>\n\t\t\t\t\t<p><\/p>\n<p style=\"margin: 0cm; margin-bottom: .0001pt;\"><span style=\"font-size: 11.0pt; font-family: 'Calibri',sans-serif;\">Comporta Pier Servi\u00e7os N\u00e1uticos Lda. is a partnership between the companies Boatcenter, SA and Lusofinan\u00e7a, Lda, with the purpose of jointly managing the S\u00f3ltroia Anchorage. We believe that their joint exploitation will bring advantages in terms of <i>know how<\/i> competences of each one of the companies, which will allow the creation of unique synergies, looking after the best interests of the nautas, raising the quality of the space and service of the anchorage.<\/span><\/p>\n<p><\/p>\n\t\t\t\t\t<a href=\"https:\/\/comportapier.com\/en\/?page_id=668\" class=\"button0\"><i class=\"fa fa-arrow-circle-right\"><\/i>See Prices<\/a>\n\n\t\t\t\t<!-- END .about-us-block -->\n\t\t\t\t<\/div>\n\n\t\t\t\t<div class=\"video-wrapper video-wrapper-home\" style=\"background:url(https:\/\/comportapier.com\/wp-content\/uploads\/2022\/05\/img3.jpg) no-repeat center top;\">\n\n\t\t\t\t\t<div class=\"video-play\">\n\t\t\t\t\t\t<a href=\"\" data-gal=\"prettyPhoto\"><i class=\"fa fa-play\"><\/i><\/a>\n\t\t\t\t\t<\/div>\n\n\t\t\t\t<\/div>\n\n\t\t\t<!-- END .clearfix -->\n\t\t\t<\/div><\/div><\/div><\/div><\/div><\/div>","protected":false},"excerpt":{"rendered":"Os Nossos Servi\u00e7os Oferecemos v\u00e1rios servi\u00e7os exclusivos para quem pretende usufruir do Ancoradouro de S\u00f3ltroia Aluguer de Poitas A Comporta Pier oferece o servi\u00e7o de aluguer de poitas em v\u00e1rias modalidades, desde estadias de curta dura\u00e7\u00e3o, a estadias de \u00e9poca. Transporte Inclu\u00eddo no servi\u00e7o de aluguer de poitas est\u00e1 o servi\u00e7os de transporte desde terra","protected":false},"author":2,"featured_media":0,"parent":0,"menu_order":0,"comment_status":"closed","ping_status":"closed","template":"","meta":{"footnotes":""},"class_list":["post-517","page","type-page","status-publish","hentry"],"_links":{"self":[{"href":"https:\/\/comportapier.com\/en\/wp-json\/wp\/v2\/pages\/517","targetHints":{"allow":["GET"]}}],"collection":[{"href":"https:\/\/comportapier.com\/en\/wp-json\/wp\/v2\/pages"}],"about":[{"href":"https:\/\/comportapier.com\/en\/wp-json\/wp\/v2\/types\/page"}],"author":[{"embeddable":true,"href":"https:\/\/comportapier.com\/en\/wp-json\/wp\/v2\/users\/2"}],"replies":[{"embeddable":true,"href":"https:\/\/comportapier.com\/en\/wp-json\/wp\/v2\/comments?post=517"}],"version-history":[{"count":20,"href":"https:\/\/comportapier.com\/en\/wp-json\/wp\/v2\/pages\/517\/revisions"}],"predecessor-version":[{"id":614,"href":"https:\/\/comportapier.com\/en\/wp-json\/wp\/v2\/pages\/517\/revisions\/614"}],"wp:attachment":[{"href":"https:\/\/comportapier.com\/en\/wp-json\/wp\/v2\/media?parent=517"}],"curies":[{"name":"wp","href":"https:\/\/api.w.org\/{rel}","templated":true}]}}